{"id":41,"date":"2026-02-06T15:28:58","date_gmt":"2026-02-06T15:28:58","guid":{"rendered":"https:\/\/pap3sis.esp550.pt\/musica\/?page_id=41"},"modified":"2026-02-06T17:08:42","modified_gmt":"2026-02-06T17:08:42","slug":"inicio","status":"publish","type":"page","link":"https:\/\/pap3sis.esp550.pt\/musica\/","title":{"rendered":"Home"},"content":{"rendered":"\n<p class=\"has-larger-font-size\"><strong>Bem vindo!<\/strong><\/p>\n\n\n\n<p class=\"has-regular-font-size\">lkjlkjlkjlkjsdflajdsjf\u00e7lsdkj\u00e7flkja\u00e7sdlkjf\u00e7 l lk lk klj <\/p>\n\n\n\n<p>sdfsdfasdf<\/p>\n\n\n\n<p><\/p>\n\n\n\n\n\n<p><\/p>\n\n\n\n<p><\/p>\n","protected":false},"excerpt":{"rendered":"<p>Bem vindo! lkjlkjlkjlkjsdflajdsjf\u00e7lsdkj\u00e7flkja\u00e7sdlkjf\u00e7 l lk lk klj sdfsdfasdf<\/p>\n","protected":false},"author":1,"featured_media":0,"parent":0,"menu_order":0,"comment_status":"closed","ping_status":"closed","template":"","meta":{"pagelayer_contact_templates":[],"_pagelayer_content":"","footnotes":""},"class_list":["post-41","page","type-page","status-publish","hentry"],"_links":{"self":[{"href":"https:\/\/pap3sis.esp550.pt\/musica\/wp-json\/wp\/v2\/pages\/41","targetHints":{"allow":["GET"]}}],"collection":[{"href":"https:\/\/pap3sis.esp550.pt\/musica\/wp-json\/wp\/v2\/pages"}],"about":[{"href":"https:\/\/pap3sis.esp550.pt\/musica\/wp-json\/wp\/v2\/types\/page"}],"author":[{"embeddable":true,"href":"https:\/\/pap3sis.esp550.pt\/musica\/wp-json\/wp\/v2\/users\/1"}],"replies":[{"embeddable":true,"href":"https:\/\/pap3sis.esp550.pt\/musica\/wp-json\/wp\/v2\/comments?post=41"}],"version-history":[{"count":13,"href":"https:\/\/pap3sis.esp550.pt\/musica\/wp-json\/wp\/v2\/pages\/41\/revisions"}],"predecessor-version":[{"id":73,"href":"https:\/\/pap3sis.esp550.pt\/musica\/wp-json\/wp\/v2\/pages\/41\/revisions\/73"}],"wp:attachment":[{"href":"https:\/\/pap3sis.esp550.pt\/musica\/wp-json\/wp\/v2\/media?parent=41"}],"curies":[{"name":"wp","href":"https:\/\/api.w.org\/{rel}","templated":true}]}}